{"id":11710,"date":"2020-03-11T11:15:50","date_gmt":"2020-03-11T08:15:50","guid":{"rendered":"https:\/\/www.moaradehartie.ro\/?post_type=product&#038;p=11710"},"modified":"2021-04-29T00:03:52","modified_gmt":"2021-04-28T21:03:52","slug":"pisica-din-lemn-2","status":"publish","type":"product","link":"https:\/\/www.moaradehartie.ro\/en\/product\/pisica-din-lemn-2\/","title":{"rendered":"Pisic\u0103 din lemn"},"content":{"rendered":"","protected":false},"excerpt":{"rendered":"<div>\n<div class=\"desc kw-details-desc\">\n<h4 style=\"text-align: justify;\">Juc\u0103rie din lemn de r\u0103\u015finoase lucrat\u0103 \u00een <em>Atelierul de lemn<\/em> din <em>Satul me\u015fte\u015fugurilor<\/em>, ce face parte dintr-o serie ce reprezint\u0103 animale domestice ce se g\u0103sesc \u00een gospod\u0103riile din Comana.<\/h4>\n<h4 style=\"text-align: justify;\">Juc\u0103ria poate fi pictat\u0103 sau p\u0103strat\u0103 \u00een forma original\u0103.<\/h4>\n<\/div>\n<\/div>\n","protected":false},"featured_media":11712,"template":"","meta":[],"product_brand":[],"product_cat":[373,91,76],"product_tag":[],"class_list":{"0":"post-11710","1":"product","2":"type-product","3":"status-publish","4":"has-post-thumbnail","6":"product_cat-seturi-de-lucru-en","7":"product_cat-all-products","8":"product_cat-wood-products","10":"first","11":"instock","12":"shipping-taxable","13":"purchasable","14":"product-type-simple","15":"prodpage-classic"},"_links":{"self":[{"href":"https:\/\/www.moaradehartie.ro\/en\/wp-json\/wp\/v2\/product\/11710","targetHints":{"allow":["GET"]}}],"collection":[{"href":"https:\/\/www.moaradehartie.ro\/en\/wp-json\/wp\/v2\/product"}],"about":[{"href":"https:\/\/www.moaradehartie.ro\/en\/wp-json\/wp\/v2\/types\/product"}],"wp:featuredmedia":[{"embeddable":true,"href":"https:\/\/www.moaradehartie.ro\/en\/wp-json\/wp\/v2\/media\/11712"}],"wp:attachment":[{"href":"https:\/\/www.moaradehartie.ro\/en\/wp-json\/wp\/v2\/media?parent=11710"}],"wp:term":[{"taxonomy":"product_brand","embeddable":true,"href":"https:\/\/www.moaradehartie.ro\/en\/wp-json\/wp\/v2\/product_brand?post=11710"},{"taxonomy":"product_cat","embeddable":true,"href":"https:\/\/www.moaradehartie.ro\/en\/wp-json\/wp\/v2\/product_cat?post=11710"},{"taxonomy":"product_tag","embeddable":true,"href":"https:\/\/www.moaradehartie.ro\/en\/wp-json\/wp\/v2\/product_tag?post=11710"}],"curies":[{"name":"wp","href":"https:\/\/api.w.org\/{rel}","templated":true}]}}