{"id":11720,"date":"2020-03-12T12:57:30","date_gmt":"2020-03-12T09:57:30","guid":{"rendered":"https:\/\/www.moaradehartie.ro\/?post_type=product&#038;p=11720"},"modified":"2021-03-12T15:24:46","modified_gmt":"2021-03-12T12:24:46","slug":"geanta-plic-cu-broderie-alba","status":"publish","type":"product","link":"https:\/\/www.moaradehartie.ro\/en\/product\/geanta-plic-cu-broderie-alba\/","title":{"rendered":"Geant\u0103 plic cu broderie (alb\u0103)"},"content":{"rendered":"","protected":false},"excerpt":{"rendered":"<h4 style=\"text-align: justify;\">Geant\u0103 plic realizat\u0103 manual \u00een atelierul de \u0163esut din Satul Me\u015fte\u015fugurilor, Atelierul cu Rost. Este lucrat\u0103 cu m\u0103iestrie doar dup\u0103 tehnici tradi\u0163ionale \u015fi ofer\u0103 oportunitatea de a men\u0163ine pasul cu moda iar \u00een acela\u015fi timp p\u0103streaz\u0103 farmecul \u015fi gra\u0163ia folclorului de inspira\u0163ie rom\u00e2neasc\u0103.<\/h4>\n","protected":false},"featured_media":11722,"template":"","meta":[],"product_brand":[],"product_cat":[265,91],"product_tag":[],"class_list":{"0":"post-11720","1":"product","2":"type-product","3":"status-publish","4":"has-post-thumbnail","6":"product_cat-products-woven-at-the-hand-loom-en","7":"product_cat-all-products","9":"first","10":"instock","11":"sale","12":"shipping-taxable","13":"purchasable","14":"product-type-simple","15":"prodpage-classic"},"_links":{"self":[{"href":"https:\/\/www.moaradehartie.ro\/en\/wp-json\/wp\/v2\/product\/11720","targetHints":{"allow":["GET"]}}],"collection":[{"href":"https:\/\/www.moaradehartie.ro\/en\/wp-json\/wp\/v2\/product"}],"about":[{"href":"https:\/\/www.moaradehartie.ro\/en\/wp-json\/wp\/v2\/types\/product"}],"wp:featuredmedia":[{"embeddable":true,"href":"https:\/\/www.moaradehartie.ro\/en\/wp-json\/wp\/v2\/media\/11722"}],"wp:attachment":[{"href":"https:\/\/www.moaradehartie.ro\/en\/wp-json\/wp\/v2\/media?parent=11720"}],"wp:term":[{"taxonomy":"product_brand","embeddable":true,"href":"https:\/\/www.moaradehartie.ro\/en\/wp-json\/wp\/v2\/product_brand?post=11720"},{"taxonomy":"product_cat","embeddable":true,"href":"https:\/\/www.moaradehartie.ro\/en\/wp-json\/wp\/v2\/product_cat?post=11720"},{"taxonomy":"product_tag","embeddable":true,"href":"https:\/\/www.moaradehartie.ro\/en\/wp-json\/wp\/v2\/product_tag?post=11720"}],"curies":[{"name":"wp","href":"https:\/\/api.w.org\/{rel}","templated":true}]}}