{"id":11735,"date":"2020-03-12T13:48:36","date_gmt":"2020-03-12T10:48:36","guid":{"rendered":"https:\/\/www.moaradehartie.ro\/?post_type=product&#038;p=11735"},"modified":"2025-02-12T11:17:34","modified_gmt":"2025-02-12T09:17:34","slug":"brau-cu-broderie-alb","status":"publish","type":"product","link":"https:\/\/www.moaradehartie.ro\/en\/product\/brau-cu-broderie-alb\/","title":{"rendered":"Br\u00e2u cu broderie (alb)"},"content":{"rendered":"","protected":false},"excerpt":{"rendered":"<h4 style=\"text-align: justify;\">Br\u00e2u lucrat cu m\u0103iestrie \u00een atelierul de \u0163esut din Satul Me\u015fte\u015fugurilor. At\u00e2t \u0163es\u0103tura c\u00e2t \u015fi broderia sunt realizate manual \u00een Atelierul cu Rost \u015fi p\u0103streaz\u0103 farmecul de neuitat al tradi\u0163iei rom\u00e2ne\u015fti.<\/h4>\n<h4 style=\"text-align: justify;\">Dimensiune disponibil\u0103 85 cm.<\/h4>\n","protected":false},"featured_media":11733,"template":"","meta":[],"product_brand":[],"product_cat":[265,91],"product_tag":[],"class_list":{"0":"post-11735","1":"product","2":"type-product","3":"status-publish","4":"has-post-thumbnail","6":"product_cat-products-woven-at-the-hand-loom-en","7":"product_cat-all-products","9":"first","10":"outofstock","11":"shipping-taxable","12":"purchasable","13":"product-type-simple","14":"prodpage-classic"},"_links":{"self":[{"href":"https:\/\/www.moaradehartie.ro\/en\/wp-json\/wp\/v2\/product\/11735","targetHints":{"allow":["GET"]}}],"collection":[{"href":"https:\/\/www.moaradehartie.ro\/en\/wp-json\/wp\/v2\/product"}],"about":[{"href":"https:\/\/www.moaradehartie.ro\/en\/wp-json\/wp\/v2\/types\/product"}],"wp:featuredmedia":[{"embeddable":true,"href":"https:\/\/www.moaradehartie.ro\/en\/wp-json\/wp\/v2\/media\/11733"}],"wp:attachment":[{"href":"https:\/\/www.moaradehartie.ro\/en\/wp-json\/wp\/v2\/media?parent=11735"}],"wp:term":[{"taxonomy":"product_brand","embeddable":true,"href":"https:\/\/www.moaradehartie.ro\/en\/wp-json\/wp\/v2\/product_brand?post=11735"},{"taxonomy":"product_cat","embeddable":true,"href":"https:\/\/www.moaradehartie.ro\/en\/wp-json\/wp\/v2\/product_cat?post=11735"},{"taxonomy":"product_tag","embeddable":true,"href":"https:\/\/www.moaradehartie.ro\/en\/wp-json\/wp\/v2\/product_tag?post=11735"}],"curies":[{"name":"wp","href":"https:\/\/api.w.org\/{rel}","templated":true}]}}