{"id":11742,"date":"2020-03-12T16:08:51","date_gmt":"2020-03-12T13:08:51","guid":{"rendered":"https:\/\/www.moaradehartie.ro\/?post_type=product&#038;p=11742"},"modified":"2021-03-26T17:09:31","modified_gmt":"2021-03-26T14:09:31","slug":"macheta-asamblare-avion","status":"publish","type":"product","link":"https:\/\/www.moaradehartie.ro\/en\/product\/macheta-asamblare-avion\/","title":{"rendered":"Set asamblare avion de lemn"},"content":{"rendered":"","protected":false},"excerpt":{"rendered":"<h4 style=\"text-align: justify;\">Set asamblare machet\u0103 avion, din lemn lucrat \u00een <em>Atelierul de lemn\u00a0<\/em>din <em>Satul me\u015fte\u015fugurilor. <\/em>Setul are un grad de dificultate medie \u015fi este g\u00e2ndit pentru a putea fi montat de c\u0103tre copii. Ulterior asambl\u0103rii, macheta poate fi pictat\u0103, dezvolt\u00e2nd astfel imagina\u0163ia celor mici. Este o juc\u0103rie creativ\u0103, ce solicit\u0103 aten\u0163ie \u015fi concentrare \u00eens\u0103 \u00een acela\u015fi timp ofer\u0103 ocazia petrecerii timpului liber \u00eentr-un mod inventiv.<\/h4>\n<h4 style=\"text-align: justify;\">Corpul avionului are lungimea de 20 de centimetri, iar aripile au anvergura de 21 de centimetri.<\/h4>\n","protected":false},"featured_media":11744,"template":"","meta":[],"product_brand":[],"product_cat":[373,91,76],"product_tag":[],"class_list":{"0":"post-11742","1":"product","2":"type-product","3":"status-publish","4":"has-post-thumbnail","6":"product_cat-seturi-de-lucru-en","7":"product_cat-all-products","8":"product_cat-wood-products","10":"first","11":"onbackorder","12":"shipping-taxable","13":"purchasable","14":"product-type-simple","15":"prodpage-classic"},"_links":{"self":[{"href":"https:\/\/www.moaradehartie.ro\/en\/wp-json\/wp\/v2\/product\/11742","targetHints":{"allow":["GET"]}}],"collection":[{"href":"https:\/\/www.moaradehartie.ro\/en\/wp-json\/wp\/v2\/product"}],"about":[{"href":"https:\/\/www.moaradehartie.ro\/en\/wp-json\/wp\/v2\/types\/product"}],"wp:featuredmedia":[{"embeddable":true,"href":"https:\/\/www.moaradehartie.ro\/en\/wp-json\/wp\/v2\/media\/11744"}],"wp:attachment":[{"href":"https:\/\/www.moaradehartie.ro\/en\/wp-json\/wp\/v2\/media?parent=11742"}],"wp:term":[{"taxonomy":"product_brand","embeddable":true,"href":"https:\/\/www.moaradehartie.ro\/en\/wp-json\/wp\/v2\/product_brand?post=11742"},{"taxonomy":"product_cat","embeddable":true,"href":"https:\/\/www.moaradehartie.ro\/en\/wp-json\/wp\/v2\/product_cat?post=11742"},{"taxonomy":"product_tag","embeddable":true,"href":"https:\/\/www.moaradehartie.ro\/en\/wp-json\/wp\/v2\/product_tag?post=11742"}],"curies":[{"name":"wp","href":"https:\/\/api.w.org\/{rel}","templated":true}]}}