{"id":11758,"date":"2020-03-13T14:50:16","date_gmt":"2020-03-13T11:50:16","guid":{"rendered":"https:\/\/www.moaradehartie.ro\/?post_type=product&#038;p=11758"},"modified":"2020-12-07T16:32:52","modified_gmt":"2020-12-07T13:32:52","slug":"aripi-de-inger-ceramica","status":"publish","type":"product","link":"https:\/\/www.moaradehartie.ro\/en\/product\/aripi-de-inger-ceramica\/","title":{"rendered":"Aripi de \u00eenger din ceramic\u0103"},"content":{"rendered":"<h4 style=\"text-align: justify;\">Dimensiuni: 11 cm x 6,5 cm.<\/h4>\n","protected":false},"excerpt":{"rendered":"<h4 style=\"text-align: justify;\"><strong>Aripi de \u00eenger din ceramic\u0103<\/strong><strong>,<\/strong> realizate manual la <em>Olarni\u0163\u0103<\/em>, atelierul de ceramic\u0103 din Satul me\u015fte\u015fugurilor din Comana. Fiind realizate manual, fiecare exemplar este unic. Poate fi pictat sau p\u0103strat \u00een forma original\u0103.<\/h4>\n<h4><strong>*Taxa de livrare este 25 de lei.<\/strong><\/h4>\n","protected":false},"featured_media":11760,"template":"","meta":[],"product_brand":[],"product_cat":[342,266,91],"product_tag":[],"class_list":{"0":"post-11758","1":"product","2":"type-product","3":"status-publish","4":"has-post-thumbnail","6":"product_cat-cadouri-de-craciun-en","7":"product_cat-pottery-products-en","8":"product_cat-all-products","10":"first","11":"instock","12":"sold-individually","13":"shipping-taxable","14":"purchasable","15":"product-type-simple","16":"prodpage-classic"},"_links":{"self":[{"href":"https:\/\/www.moaradehartie.ro\/en\/wp-json\/wp\/v2\/product\/11758","targetHints":{"allow":["GET"]}}],"collection":[{"href":"https:\/\/www.moaradehartie.ro\/en\/wp-json\/wp\/v2\/product"}],"about":[{"href":"https:\/\/www.moaradehartie.ro\/en\/wp-json\/wp\/v2\/types\/product"}],"wp:featuredmedia":[{"embeddable":true,"href":"https:\/\/www.moaradehartie.ro\/en\/wp-json\/wp\/v2\/media\/11760"}],"wp:attachment":[{"href":"https:\/\/www.moaradehartie.ro\/en\/wp-json\/wp\/v2\/media?parent=11758"}],"wp:term":[{"taxonomy":"product_brand","embeddable":true,"href":"https:\/\/www.moaradehartie.ro\/en\/wp-json\/wp\/v2\/product_brand?post=11758"},{"taxonomy":"product_cat","embeddable":true,"href":"https:\/\/www.moaradehartie.ro\/en\/wp-json\/wp\/v2\/product_cat?post=11758"},{"taxonomy":"product_tag","embeddable":true,"href":"https:\/\/www.moaradehartie.ro\/en\/wp-json\/wp\/v2\/product_tag?post=11758"}],"curies":[{"name":"wp","href":"https:\/\/api.w.org\/{rel}","templated":true}]}}