{"id":11762,"date":"2020-03-13T15:12:33","date_gmt":"2020-03-13T12:12:33","guid":{"rendered":"https:\/\/www.moaradehartie.ro\/?post_type=product&#038;p=11762"},"modified":"2021-10-01T08:54:54","modified_gmt":"2021-10-01T05:54:54","slug":"set-30-ingeri-ceramica","status":"publish","type":"product","link":"https:\/\/www.moaradehartie.ro\/en\/product\/set-30-ingeri-ceramica\/","title":{"rendered":"Set de 30 de \u00eengeri din ceramic\u0103"},"content":{"rendered":"<h4>Dimensiunile unui \u00eenger: 12 cm x 9 cm.<\/h4>\n","protected":false},"excerpt":{"rendered":"<h4 style=\"text-align: justify;\"><strong>Set de 30 de \u00eengeri din lut<\/strong><strong>,<\/strong> realiza\u0163i manual la <em>Olarni\u0163\u0103<\/em>, atelierul de ceramic\u0103 din Satul me\u015fte\u015fugurilor din Comana. Fiind realiza\u0163i manual, fiecare exemplar este unic.<\/h4>\n<h4 style=\"text-align: justify;\">Setul este potrivit pentru activit\u0103\u0163i creative cu clase sau grupe de copii.<\/h4>\n","protected":false},"featured_media":11764,"template":"","meta":[],"product_brand":[],"product_cat":[342,266,91],"product_tag":[],"class_list":{"0":"post-11762","1":"product","2":"type-product","3":"status-publish","4":"has-post-thumbnail","6":"product_cat-cadouri-de-craciun-en","7":"product_cat-pottery-products-en","8":"product_cat-all-products","10":"first","11":"instock","12":"shipping-taxable","13":"purchasable","14":"product-type-simple","15":"prodpage-classic"},"_links":{"self":[{"href":"https:\/\/www.moaradehartie.ro\/en\/wp-json\/wp\/v2\/product\/11762","targetHints":{"allow":["GET"]}}],"collection":[{"href":"https:\/\/www.moaradehartie.ro\/en\/wp-json\/wp\/v2\/product"}],"about":[{"href":"https:\/\/www.moaradehartie.ro\/en\/wp-json\/wp\/v2\/types\/product"}],"wp:featuredmedia":[{"embeddable":true,"href":"https:\/\/www.moaradehartie.ro\/en\/wp-json\/wp\/v2\/media\/11764"}],"wp:attachment":[{"href":"https:\/\/www.moaradehartie.ro\/en\/wp-json\/wp\/v2\/media?parent=11762"}],"wp:term":[{"taxonomy":"product_brand","embeddable":true,"href":"https:\/\/www.moaradehartie.ro\/en\/wp-json\/wp\/v2\/product_brand?post=11762"},{"taxonomy":"product_cat","embeddable":true,"href":"https:\/\/www.moaradehartie.ro\/en\/wp-json\/wp\/v2\/product_cat?post=11762"},{"taxonomy":"product_tag","embeddable":true,"href":"https:\/\/www.moaradehartie.ro\/en\/wp-json\/wp\/v2\/product_tag?post=11762"}],"curies":[{"name":"wp","href":"https:\/\/api.w.org\/{rel}","templated":true}]}}