{"id":11770,"date":"2020-03-13T15:20:18","date_gmt":"2020-03-13T12:20:18","guid":{"rendered":"https:\/\/www.moaradehartie.ro\/?post_type=product&#038;p=11770"},"modified":"2020-12-14T17:13:18","modified_gmt":"2020-12-14T14:13:18","slug":"set-de-5-de-aripi-de-inger-din-ceramica","status":"publish","type":"product","link":"https:\/\/www.moaradehartie.ro\/en\/product\/set-de-5-de-aripi-de-inger-din-ceramica\/","title":{"rendered":"Set de 5 aripi de \u00eenger din ceramic\u0103"},"content":{"rendered":"<h4 style=\"text-align: justify;\">Dimensiuni: 11 cm x 6,5 cm.<\/h4>\n","protected":false},"excerpt":{"rendered":"<h4 style=\"text-align: justify;\"><strong>Set de 5 aripi de \u00eenger din lut<\/strong><strong>,<\/strong> realizate manual la <em>Olarni\u0163\u0103<\/em>, atelierul de ceramic\u0103 din Satul me\u015fte\u015fugurilor din Comana. Fiind realizate manual, fiecare exemplar este unic. Pot fi pictate sau p\u0103strate \u00een forma original\u0103.<\/h4>\n<h4><strong>*Taxa de livrare este 25 de lei.<\/strong><\/h4>\n","protected":false},"featured_media":11768,"template":"","meta":[],"product_brand":[],"product_cat":[342,266,91],"product_tag":[],"class_list":{"0":"post-11770","1":"product","2":"type-product","3":"status-publish","4":"has-post-thumbnail","6":"product_cat-cadouri-de-craciun-en","7":"product_cat-pottery-products-en","8":"product_cat-all-products","10":"first","11":"instock","12":"shipping-taxable","13":"purchasable","14":"product-type-simple","15":"prodpage-classic"},"_links":{"self":[{"href":"https:\/\/www.moaradehartie.ro\/en\/wp-json\/wp\/v2\/product\/11770","targetHints":{"allow":["GET"]}}],"collection":[{"href":"https:\/\/www.moaradehartie.ro\/en\/wp-json\/wp\/v2\/product"}],"about":[{"href":"https:\/\/www.moaradehartie.ro\/en\/wp-json\/wp\/v2\/types\/product"}],"wp:featuredmedia":[{"embeddable":true,"href":"https:\/\/www.moaradehartie.ro\/en\/wp-json\/wp\/v2\/media\/11768"}],"wp:attachment":[{"href":"https:\/\/www.moaradehartie.ro\/en\/wp-json\/wp\/v2\/media?parent=11770"}],"wp:term":[{"taxonomy":"product_brand","embeddable":true,"href":"https:\/\/www.moaradehartie.ro\/en\/wp-json\/wp\/v2\/product_brand?post=11770"},{"taxonomy":"product_cat","embeddable":true,"href":"https:\/\/www.moaradehartie.ro\/en\/wp-json\/wp\/v2\/product_cat?post=11770"},{"taxonomy":"product_tag","embeddable":true,"href":"https:\/\/www.moaradehartie.ro\/en\/wp-json\/wp\/v2\/product_tag?post=11770"}],"curies":[{"name":"wp","href":"https:\/\/api.w.org\/{rel}","templated":true}]}}