{"id":11773,"date":"2020-03-13T15:25:30","date_gmt":"2020-03-13T12:25:30","guid":{"rendered":"https:\/\/www.moaradehartie.ro\/?post_type=product&#038;p=11773"},"modified":"2020-12-07T16:34:14","modified_gmt":"2020-12-07T13:34:14","slug":"set-de-5-de-ingeri-din-ceramica","status":"publish","type":"product","link":"https:\/\/www.moaradehartie.ro\/en\/product\/set-de-5-de-ingeri-din-ceramica\/","title":{"rendered":"Set de 5 \u00eengeri din ceramic\u0103"},"content":{"rendered":"<h4 style=\"text-align: justify;\">Dimensiuni: 12 cm x 9 cm.<\/h4>\n","protected":false},"excerpt":{"rendered":"<h4 style=\"text-align: justify;\"><strong>Set de 5 \u00eengeri din lut<\/strong><strong>,<\/strong> realiza\u0163i manual la <em>Olarni\u0163\u0103<\/em>, atelierul de ceramic\u0103 din Satul me\u015fte\u015fugurilor din Comana. Fiind realiza\u0163i manual, fiecare exemplar este unic. Pot fi picta\u0163i sau p\u0103stra\u0163i \u00een forma original\u0103.<\/h4>\n<h4><strong>*Taxa de livrare este 25 de lei.<\/strong><\/h4>\n","protected":false},"featured_media":11764,"template":"","meta":[],"product_brand":[],"product_cat":[342,266,91],"product_tag":[],"class_list":{"0":"post-11773","1":"product","2":"type-product","3":"status-publish","4":"has-post-thumbnail","6":"product_cat-cadouri-de-craciun-en","7":"product_cat-pottery-products-en","8":"product_cat-all-products","10":"first","11":"instock","12":"shipping-taxable","13":"purchasable","14":"product-type-simple","15":"prodpage-classic"},"_links":{"self":[{"href":"https:\/\/www.moaradehartie.ro\/en\/wp-json\/wp\/v2\/product\/11773","targetHints":{"allow":["GET"]}}],"collection":[{"href":"https:\/\/www.moaradehartie.ro\/en\/wp-json\/wp\/v2\/product"}],"about":[{"href":"https:\/\/www.moaradehartie.ro\/en\/wp-json\/wp\/v2\/types\/product"}],"wp:featuredmedia":[{"embeddable":true,"href":"https:\/\/www.moaradehartie.ro\/en\/wp-json\/wp\/v2\/media\/11764"}],"wp:attachment":[{"href":"https:\/\/www.moaradehartie.ro\/en\/wp-json\/wp\/v2\/media?parent=11773"}],"wp:term":[{"taxonomy":"product_brand","embeddable":true,"href":"https:\/\/www.moaradehartie.ro\/en\/wp-json\/wp\/v2\/product_brand?post=11773"},{"taxonomy":"product_cat","embeddable":true,"href":"https:\/\/www.moaradehartie.ro\/en\/wp-json\/wp\/v2\/product_cat?post=11773"},{"taxonomy":"product_tag","embeddable":true,"href":"https:\/\/www.moaradehartie.ro\/en\/wp-json\/wp\/v2\/product_tag?post=11773"}],"curies":[{"name":"wp","href":"https:\/\/api.w.org\/{rel}","templated":true}]}}