{"id":9290,"date":"2017-08-23T15:44:05","date_gmt":"2017-08-23T12:44:05","guid":{"rendered":"http:\/\/moaradehartie.ro\/en\/product\/semn-de-carte-cusut-manual\/"},"modified":"2023-01-28T14:55:07","modified_gmt":"2023-01-28T11:55:07","slug":"semn-de-carte-cusut-manual","status":"publish","type":"product","link":"https:\/\/www.moaradehartie.ro\/en\/product\/semn-de-carte-cusut-manual\/","title":{"rendered":"Semn de carte cusut manual"},"content":{"rendered":"","protected":false},"excerpt":{"rendered":"<h4 style=\"text-align: justify;\">Cus\u0103tura de pe acest obiect este realizat\u0103\u00a0manual, printr-o tehnic\u0103 veche, cunoscut\u0103 sub numele\u00a0de punct \u00een cruce sau musc\u0103, \u00een cadrul <em>Atelierului cu\u00a0rost<\/em> din <em>Satul Me\u0219te\u0219ugurilor din Comana<\/em>.<\/h4>\n","protected":false},"featured_media":10127,"template":"","meta":[],"product_brand":[],"product_cat":[265,91],"product_tag":[],"class_list":{"0":"post-9290","1":"product","2":"type-product","3":"status-publish","4":"has-post-thumbnail","6":"product_cat-products-woven-at-the-hand-loom-en","7":"product_cat-all-products","9":"first","10":"instock","11":"shipping-taxable","12":"purchasable","13":"product-type-simple","14":"prodpage-classic"},"_links":{"self":[{"href":"https:\/\/www.moaradehartie.ro\/en\/wp-json\/wp\/v2\/product\/9290","targetHints":{"allow":["GET"]}}],"collection":[{"href":"https:\/\/www.moaradehartie.ro\/en\/wp-json\/wp\/v2\/product"}],"about":[{"href":"https:\/\/www.moaradehartie.ro\/en\/wp-json\/wp\/v2\/types\/product"}],"wp:featuredmedia":[{"embeddable":true,"href":"https:\/\/www.moaradehartie.ro\/en\/wp-json\/wp\/v2\/media\/10127"}],"wp:attachment":[{"href":"https:\/\/www.moaradehartie.ro\/en\/wp-json\/wp\/v2\/media?parent=9290"}],"wp:term":[{"taxonomy":"product_brand","embeddable":true,"href":"https:\/\/www.moaradehartie.ro\/en\/wp-json\/wp\/v2\/product_brand?post=9290"},{"taxonomy":"product_cat","embeddable":true,"href":"https:\/\/www.moaradehartie.ro\/en\/wp-json\/wp\/v2\/product_cat?post=9290"},{"taxonomy":"product_tag","embeddable":true,"href":"https:\/\/www.moaradehartie.ro\/en\/wp-json\/wp\/v2\/product_tag?post=9290"}],"curies":[{"name":"wp","href":"https:\/\/api.w.org\/{rel}","templated":true}]}}