{"id":9330,"date":"2017-08-23T12:03:28","date_gmt":"2017-08-23T09:03:28","guid":{"rendered":"http:\/\/moaradehartie.ro\/en\/product\/bufnita-din-lemn\/"},"modified":"2021-04-29T00:03:52","modified_gmt":"2021-04-28T21:03:52","slug":"bufnita-din-lemn","status":"publish","type":"product","link":"https:\/\/www.moaradehartie.ro\/en\/product\/bufnita-din-lemn\/","title":{"rendered":"Bufni\u021b\u0103 din lemn"},"content":{"rendered":"","protected":false},"excerpt":{"rendered":"<div>\n<div class=\"desc kw-details-desc\">\n<h4 style=\"text-align: justify;\">Juc\u0103rie din lemn de r\u0103\u015finoase lucrat\u0103 \u00een <em>Atelierul de lemn<\/em> din <em>Satul me\u015fte\u015fugurilor<\/em>, ce face parte dintr-o serie ce reprezint\u0103 animale din Parcul Natural Comana, arie protejat\u0103 de interes na\u021bional.<\/h4>\n<h4 style=\"text-align: justify;\">Juc\u0103ria poate fi pictat\u0103 sau p\u0103strat\u0103 \u00een forma original\u0103.<\/h4>\n<\/div>\n<\/div>\n","protected":false},"featured_media":10185,"template":"","meta":[],"product_brand":[],"product_cat":[373,91,76],"product_tag":[],"class_list":{"0":"post-9330","1":"product","2":"type-product","3":"status-publish","4":"has-post-thumbnail","6":"product_cat-seturi-de-lucru-en","7":"product_cat-all-products","8":"product_cat-wood-products","10":"first","11":"instock","12":"shipping-taxable","13":"purchasable","14":"product-type-simple","15":"prodpage-classic"},"_links":{"self":[{"href":"https:\/\/www.moaradehartie.ro\/en\/wp-json\/wp\/v2\/product\/9330","targetHints":{"allow":["GET"]}}],"collection":[{"href":"https:\/\/www.moaradehartie.ro\/en\/wp-json\/wp\/v2\/product"}],"about":[{"href":"https:\/\/www.moaradehartie.ro\/en\/wp-json\/wp\/v2\/types\/product"}],"wp:featuredmedia":[{"embeddable":true,"href":"https:\/\/www.moaradehartie.ro\/en\/wp-json\/wp\/v2\/media\/10185"}],"wp:attachment":[{"href":"https:\/\/www.moaradehartie.ro\/en\/wp-json\/wp\/v2\/media?parent=9330"}],"wp:term":[{"taxonomy":"product_brand","embeddable":true,"href":"https:\/\/www.moaradehartie.ro\/en\/wp-json\/wp\/v2\/product_brand?post=9330"},{"taxonomy":"product_cat","embeddable":true,"href":"https:\/\/www.moaradehartie.ro\/en\/wp-json\/wp\/v2\/product_cat?post=9330"},{"taxonomy":"product_tag","embeddable":true,"href":"https:\/\/www.moaradehartie.ro\/en\/wp-json\/wp\/v2\/product_tag?post=9330"}],"curies":[{"name":"wp","href":"https:\/\/api.w.org\/{rel}","templated":true}]}}