{"id":9336,"date":"2017-08-23T11:39:24","date_gmt":"2017-08-23T08:39:24","guid":{"rendered":"http:\/\/moaradehartie.ro\/en\/product\/cal-din-lemn\/"},"modified":"2024-12-02T15:31:02","modified_gmt":"2024-12-02T13:31:02","slug":"cal-din-lemn","status":"publish","type":"product","link":"https:\/\/www.moaradehartie.ro\/en\/product\/cal-din-lemn\/","title":{"rendered":"Cal din lemn"},"content":{"rendered":"<p>Produsul nu este tratat cu nicio substan\u0163\u0103 de protec\u0163ie a lemnului \u015fi este cur\u0103\u0163at cu dezinfectant pe baz\u0103 de alcool \u00eenainte de expediere.<\/p>\n","protected":false},"excerpt":{"rendered":"<h4 style=\"text-align: justify;\">Juc\u0103rie din lemn de r\u0103\u015finoase lucrat\u0103 \u00een <em>Atelierul de lemn<\/em> din<em> Satul me\u015fte\u015fugurilor<\/em>, ce face parte dintr-o serie ce reprezint\u0103 animale domestice ce se reg\u0103sesc \u00een gospod\u0103riile din Comana.<\/h4>\n<h4 style=\"text-align: justify;\">Juc\u0103ria poate fi pictat\u0103 sau p\u0103strat\u0103 \u00een forma original\u0103.<\/h4>\n","protected":false},"featured_media":10191,"template":"","meta":[],"product_brand":[],"product_cat":[373,91,76],"product_tag":[],"class_list":{"0":"post-9336","1":"product","2":"type-product","3":"status-publish","4":"has-post-thumbnail","6":"product_cat-seturi-de-lucru-en","7":"product_cat-all-products","8":"product_cat-wood-products","10":"first","11":"outofstock","12":"shipping-taxable","13":"purchasable","14":"product-type-simple","15":"prodpage-classic"},"_links":{"self":[{"href":"https:\/\/www.moaradehartie.ro\/en\/wp-json\/wp\/v2\/product\/9336","targetHints":{"allow":["GET"]}}],"collection":[{"href":"https:\/\/www.moaradehartie.ro\/en\/wp-json\/wp\/v2\/product"}],"about":[{"href":"https:\/\/www.moaradehartie.ro\/en\/wp-json\/wp\/v2\/types\/product"}],"wp:featuredmedia":[{"embeddable":true,"href":"https:\/\/www.moaradehartie.ro\/en\/wp-json\/wp\/v2\/media\/10191"}],"wp:attachment":[{"href":"https:\/\/www.moaradehartie.ro\/en\/wp-json\/wp\/v2\/media?parent=9336"}],"wp:term":[{"taxonomy":"product_brand","embeddable":true,"href":"https:\/\/www.moaradehartie.ro\/en\/wp-json\/wp\/v2\/product_brand?post=9336"},{"taxonomy":"product_cat","embeddable":true,"href":"https:\/\/www.moaradehartie.ro\/en\/wp-json\/wp\/v2\/product_cat?post=9336"},{"taxonomy":"product_tag","embeddable":true,"href":"https:\/\/www.moaradehartie.ro\/en\/wp-json\/wp\/v2\/product_tag?post=9336"}],"curies":[{"name":"wp","href":"https:\/\/api.w.org\/{rel}","templated":true}]}}