{"id":9338,"date":"2017-08-23T11:29:27","date_gmt":"2017-08-23T08:29:27","guid":{"rendered":"http:\/\/moaradehartie.ro\/en\/product\/mini-razboi-de-tesut\/"},"modified":"2024-01-10T17:27:00","modified_gmt":"2024-01-10T15:27:00","slug":"mini-razboi-de-tesut","status":"publish","type":"product","link":"https:\/\/www.moaradehartie.ro\/en\/product\/mini-razboi-de-tesut\/","title":{"rendered":"Mini-r\u0103zboi de \u021besut"},"content":{"rendered":"","protected":false},"excerpt":{"rendered":"<div>\n<div class=\"desc kw-details-desc\">\n<div>\n<div class=\"desc kw-details-desc\">\n<h4 style=\"text-align: justify;\">R\u0103zboi de \u0163esut \u00een miniatur\u0103, din lemn, lucrat la <em>Atelierul de lemn<\/em> din Satul me\u015fte\u015fugurilor. R\u0103zboaiele de \u021besut \u00een miniatur\u0103 au fost g\u00e2ndite s\u0103 aib\u0103 toate func\u021bionalit\u0103\u021bile suratelor lor mai mari, astfel \u00eenc\u00e2t senza\u021bia \u021besutului la ele s\u0103 fie c\u00e2t mai autentic\u0103. De asemenea, au fost g\u00e2ndite la dimensiuni care s\u0103 le fac\u0103 u\u0219or de p\u0103strat \u0219i \u00een case care nu au spa\u021bii mari de depozitare (spata are 15 centimetri l\u0103\u0163ime, iar \u00eentreg r\u0103zboiul are 60 x 30 x 40 de centimetri montat \u015fi 80 x 30 x 20 de centimetri str\u00e2ns).<\/h4>\n<h4 style=\"text-align: justify;\">Urzeala are 2 metri lungime \u0219i primi\u0163i \u015fi 2 mini-suveici cu l\u00e2n\u0103 (10 metri fiecare). Bine\u00een\u021beles, avem \u0219i manual de utilizare care ne \u00eenva\u021b\u0103 cum s\u0103 \u021besem la mini-r\u0103zboi!<\/h4>\n<h4 style=\"text-align: justify;\">Dac\u0103 dori\u021bi s\u0103 deveni\u021bi exper\u021bi \u00een \u021besut, v\u0103 putem da \u00eenc\u0103 2 seturi de urzeal\u0103, un mini-urzitor, o grebl\u0103 \u0219i 2 mini-suveici. Detalii <a href=\"https:\/\/www.moaradehartie.ro\/produs\/set-urzitor-mini-razboi-de-tesut\/\">aici<\/a>.<\/h4>\n<\/div>\n<\/div>\n<\/div>\n<\/div>\n","protected":false},"featured_media":11738,"template":"","meta":[],"product_brand":[],"product_cat":[373,343,342,265,91,76],"product_tag":[],"class_list":{"0":"post-9338","1":"product","2":"type-product","3":"status-publish","4":"has-post-thumbnail","6":"product_cat-seturi-de-lucru-en","7":"product_cat-martisoare-si-cadouri-de-primavara-en","8":"product_cat-cadouri-de-craciun-en","9":"product_cat-products-woven-at-the-hand-loom-en","10":"product_cat-all-products","11":"product_cat-wood-products","13":"first","14":"onbackorder","15":"shipping-taxable","16":"purchasable","17":"product-type-simple","18":"prodpage-classic"},"_links":{"self":[{"href":"https:\/\/www.moaradehartie.ro\/en\/wp-json\/wp\/v2\/product\/9338","targetHints":{"allow":["GET"]}}],"collection":[{"href":"https:\/\/www.moaradehartie.ro\/en\/wp-json\/wp\/v2\/product"}],"about":[{"href":"https:\/\/www.moaradehartie.ro\/en\/wp-json\/wp\/v2\/types\/product"}],"wp:featuredmedia":[{"embeddable":true,"href":"https:\/\/www.moaradehartie.ro\/en\/wp-json\/wp\/v2\/media\/11738"}],"wp:attachment":[{"href":"https:\/\/www.moaradehartie.ro\/en\/wp-json\/wp\/v2\/media?parent=9338"}],"wp:term":[{"taxonomy":"product_brand","embeddable":true,"href":"https:\/\/www.moaradehartie.ro\/en\/wp-json\/wp\/v2\/product_brand?post=9338"},{"taxonomy":"product_cat","embeddable":true,"href":"https:\/\/www.moaradehartie.ro\/en\/wp-json\/wp\/v2\/product_cat?post=9338"},{"taxonomy":"product_tag","embeddable":true,"href":"https:\/\/www.moaradehartie.ro\/en\/wp-json\/wp\/v2\/product_tag?post=9338"}],"curies":[{"name":"wp","href":"https:\/\/api.w.org\/{rel}","templated":true}]}}