{"id":9604,"date":"2017-08-26T15:59:42","date_gmt":"2017-08-26T12:59:42","guid":{"rendered":"http:\/\/moaradehartie.ro\/en\/product\/chip-din-lut-4\/"},"modified":"2024-04-09T21:32:52","modified_gmt":"2024-04-09T19:32:52","slug":"farfurii-ceramice","status":"publish","type":"product","link":"https:\/\/www.moaradehartie.ro\/en\/product\/farfurii-ceramice\/","title":{"rendered":"Set 3 farfurii ceramice din lut"},"content":{"rendered":"","protected":false},"excerpt":{"rendered":"<h4 style=\"text-align: justify;\"><span style=\"font-size: 16px;\">Set de 3 farfurii din lut realizate manual la Olarni\u0163\u0103, atelierul de modelaj ceramic din Satul Me\u015fte\u015fugurilor. Acestea pot fi pictate de c\u0103tre copii, oferindu-le oportunitatea de a se exprima \u00een mod creativ \u015fi de a experimenta lucrul cu obiecte din materiale naturale, realizate de me\u015fte\u015fugari. Toate cele 3 farfurii sunt prev\u0103zute pe spate cu un sistem ce permite ag\u0103\u0163area lor pe perete. Diametrul unei farfurii este de 15,5 centimetri.\u00a0<\/span><\/h4>\n","protected":false},"featured_media":11718,"template":"","meta":[],"product_brand":[],"product_cat":[266,91],"product_tag":[],"class_list":{"0":"post-9604","1":"product","2":"type-product","3":"status-publish","4":"has-post-thumbnail","6":"product_cat-pottery-products-en","7":"product_cat-all-products","9":"first","10":"onbackorder","11":"shipping-taxable","12":"purchasable","13":"product-type-simple","14":"prodpage-classic"},"_links":{"self":[{"href":"https:\/\/www.moaradehartie.ro\/en\/wp-json\/wp\/v2\/product\/9604","targetHints":{"allow":["GET"]}}],"collection":[{"href":"https:\/\/www.moaradehartie.ro\/en\/wp-json\/wp\/v2\/product"}],"about":[{"href":"https:\/\/www.moaradehartie.ro\/en\/wp-json\/wp\/v2\/types\/product"}],"wp:featuredmedia":[{"embeddable":true,"href":"https:\/\/www.moaradehartie.ro\/en\/wp-json\/wp\/v2\/media\/11718"}],"wp:attachment":[{"href":"https:\/\/www.moaradehartie.ro\/en\/wp-json\/wp\/v2\/media?parent=9604"}],"wp:term":[{"taxonomy":"product_brand","embeddable":true,"href":"https:\/\/www.moaradehartie.ro\/en\/wp-json\/wp\/v2\/product_brand?post=9604"},{"taxonomy":"product_cat","embeddable":true,"href":"https:\/\/www.moaradehartie.ro\/en\/wp-json\/wp\/v2\/product_cat?post=9604"},{"taxonomy":"product_tag","embeddable":true,"href":"https:\/\/www.moaradehartie.ro\/en\/wp-json\/wp\/v2\/product_tag?post=9604"}],"curies":[{"name":"wp","href":"https:\/\/api.w.org\/{rel}","templated":true}]}}